{"id":71,"date":"2021-12-04T07:00:02","date_gmt":"2021-12-04T06:00:02","guid":{"rendered":"https:\/\/andrologiamilitello.it\/wp\/?page_id=71"},"modified":"2021-12-19T07:39:17","modified_gmt":"2021-12-19T06:39:17","slug":"dolore-testicolare","status":"publish","type":"page","link":"https:\/\/andrologiamilitello.it\/wp\/dolore-testicolare\/","title":{"rendered":"Dolore Testicolare"},"content":{"rendered":"\n<p><em>Intervista al Dr. Militello Andrea sul dolore testicolare.<\/em><\/p>\n\n\n\n<figure class=\"wp-block-embed aligncenter is-type-video is-provider-youtube wp-block-embed-youtube wp-embed-aspect-16-9 wp-has-aspect-ratio\"><div class=\"wp-block-embed__wrapper\">\n<iframe loading=\"lazy\" title=\"5\u00b0 puntata di Urologia Andrologia 3D - il dolore testicolare\" width=\"1200\" height=\"675\" src=\"https:\/\/www.youtube.com\/embed\/T-v6HhB7tYM?feature=oembed\" frameborder=\"0\" allow=\"accelerometer; autoplay; clipboard-write; encrypted-media; gyroscope; picture-in-picture\" allowfullscreen><\/iframe>\n<\/div><\/figure>\n\n\n\n<div style=\"height:50px\" aria-hidden=\"true\" class=\"wp-block-spacer\"><\/div>\n\n\n\n<p>Ci tenevo oggi a parlare di un argomento che spesso mi viene riferito dal paziente, che \u00e8 quello del del <strong>&#8220;dolore al testicolo&#8221;<\/strong> o &#8220;<strong>dolore testicolare<\/strong>&#8220;. E&#8217; un argomento molto delicato che va affrontato con le giuste competenze e con il giusto approccio.<\/p>\n\n\n\n<p>Il tipo di paziente che si presenta per il dolore testicolare spesso \u00e8 un giovane (\u00e8 la fascia di et\u00e0 pi\u00f9 colpita).<br>Si rivolga a me dicendo:<br><em>&#8220;Dottore \u00e8 da un po&#8217; di tempo che sento un fastidio al testicolo, allo scroto, ma anche un po&#8217; all&#8217;inguine e non so bene cosa sia&#8230;&#8221;<\/em> dobbiamo chiaramente affrontare il tutto con molta tranquillit\u00e0, e ci tengo subito a dire che proprio l&#8217; et\u00e0 giovanile che va dai 20 ai 40 anni \u00e8 l&#8217;et\u00e0 piu&#8217; soggetta a malattie tumorali del testicolo, per cui \u00e8 consigliato sempre praticare l&#8217;autopalpazione e ai primi segnali di sensazioni tattile di un qualcosa di anomalo, ci si deve rivolgere al proprio andrologo.<\/p>\n\n\n\n<p>Sono varie le patologie e le problematiche che possono essere responsabili di dolore testicolare.<\/p>\n\n\n\n<p>Giusto per spiegare di cosa parliamo, il testicolo \u00e8 la ghiandola, mentre lo scroto \u00e8 il sacchetto che lo contiene.<\/p>\n\n\n\n<p>La prima patologia che viene in mente con il dolore al testicolo \u00e8 <strong>&#8220;la presenza di un varicocele&#8221;.<\/strong><br>Esistono le vene che portano via il sangue dal testicolo, le vene spermatiche .<\/p>\n\n\n\n<p>A volte possono essere dilatate, per esempio come pu\u00f2 capitare nella vena varicosa nella donna, il varicocele (quando di terzo o quarto grado), pu\u00f2 dare dolore, fastidio o un senso di peso ed \u00e8 facilmente identificabile sia con l&#8217;esame obiettivo che con l&#8217;ecocolor doppler, posizionando la sonda ad alta frequenza sullo scroto (metodo assolutamente indolore non invasivo), si evidenzia il flusso del sangue, infatti quando il paziente fa la manovra di &#8220;spingere&#8221;, il sangue confluisce nelle vene e se sono dilatate si nota un flusso di colore all&#8217;esame.<\/p>\n\n\n\n<p>Con l&#8217;Eco color doppler si possono vedere molteplici patologie e la diagnosi e&#8217; immediata.<\/p>\n\n\n\n<p>Ci pu\u00f2 essere ad esempio una <strong>&#8220;torsione del testicolo&#8221;<\/strong>, cio\u00e8 un testicolo che \u00e8 agganciato al suo asse vascolare e fa delle sub-torsioni e si muove parzialmente sul suo asse.<\/p>\n\n\n\n<p>Questo crea un fastidio, un dolore riflesso e pu\u00f2 colpire il paziente in ogni momento della giornata anche quando disteso sul letto.<br>Il dolore puo&#8217; essere presente anche per un <strong>&#8220;testicolo mobile&#8221;<\/strong>, cio\u00e8 per un testicolo che si muove nel suo asse e pu\u00f2 fare la sub-torsione.<br>Attenzione perch\u00e9, se questi episodi di torsione diventano frequenti, si puo&#8217; andare incontro ad una torsione completa e quindi ad una sofferenza del testicolo non pi\u00f9 vascolarizzato che puo&#8217; causare necrosi e quindi perdita del testicolo.<\/p>\n\n\n\n<p>Altra patologia classica per il dolore scrotale-inguinale puo&#8217; essere anche considerata<strong>&#8220;l&#8217;ernia&#8221;.<\/strong><\/p>\n\n\n\n<p>L&#8217;andrologo ha l&#8217;obbligo di esplorare la <strong>&#8220;porta erniaria&#8221;<\/strong> che si effettua semplicemente con un dito nell&#8217;anello inguinale facendo fare un colpo di tosse al paziente. Se \u00e8 presente un&#8217;ernia, questa si sente durante la tosse, esattamente dove avviene la trasmissione dell&#8217;impulso.<\/p>\n\n\n\n<p>Altre cause del dolore testicolare possono essere <strong>&#8220;infiammazioni o infezioni delle vie seminali e l&#8217;epididimo&#8221;<\/strong>, quest&#8217;ultimo e&#8217; una piccola struttura che abbiamo sopra il testicolo. Possono avvenire processi infiammatori infettivi anche nei pazienti che urinano male.<br>Per ultimo problema, possibile, il pi\u00f9 importante, vi \u00e8 che quello del<strong> &#8220;tumore testicolare.&#8221;<\/strong><\/p>\n\n\n\n<p>Non nascondo che negli ultimi tempi ho avuto 3 pazienti giovani che si sono rivolti a me per un dolorino, molto sereni nel loro atteggiamento, invece poi immediatamente alla visita ed all&#8217;ecografica si e&#8217; notata subito una massa, cresciuta e dura, confermato il tutto all&#8217;ecografia.<\/p>\n\n\n\n<p>Era evidente anche alla palpazione, ed ho inviato subito tutte le informazioni ai miei collaboratori per l&#8217;intervento di rimozione testicolare.<br>Devo dire ad oggi, tutti i tre ragazzi stanno benissimo, ci siamo sentiti piu&#8217; volte nel tempo.<\/p>\n\n\n\n<p>Forse se avessero aspettato ancora non sarebbe andata cos\u00ec, quindi appena abbiamo la sensazione durante l&#8217;autopalpazione di qualcosa di anomalo andiamo in tutta tranquillita&#8217; dall&#8217;andrologo per un controllo.<br><\/p>\n","protected":false},"excerpt":{"rendered":"<p>Intervista al Dr. Militello Andrea sul dolore testicolare. Ci tenevo oggi a parlare di un argomento che spesso mi viene riferito dal paziente, che \u00e8 quello del del &#8220;dolore al testicolo&#8221; o &#8220;dolore testicolare&#8220;. E&#8217; un argomento molto delicato che va affrontato con le giuste competenze e con il giusto approccio. Il tipo di paziente &#8230; <a title=\"Dolore Testicolare\" class=\"read-more\" href=\"https:\/\/andrologiamilitello.it\/wp\/dolore-testicolare\/\" aria-label=\"Per saperne di pi\u00f9 su Dolore Testicolare\">Leggi tutto<\/a><\/p>\n","protected":false},"author":2,"featured_media":0,"parent":0,"menu_order":0,"comment_status":"closed","ping_status":"closed","template":"","meta":{"_jet_sm_ready_style":"","_jet_sm_style":"","_jet_sm_controls_values":"","_jet_sm_fonts_collection":"","_jet_sm_fonts_links":"","footnotes":""},"class_list":["post-71","page","type-page","status-publish"],"_links":{"self":[{"href":"https:\/\/andrologiamilitello.it\/wp\/wp-json\/wp\/v2\/pages\/71","targetHints":{"allow":["GET"]}}],"collection":[{"href":"https:\/\/andrologiamilitello.it\/wp\/wp-json\/wp\/v2\/pages"}],"about":[{"href":"https:\/\/andrologiamilitello.it\/wp\/wp-json\/wp\/v2\/types\/page"}],"author":[{"embeddable":true,"href":"https:\/\/andrologiamilitello.it\/wp\/wp-json\/wp\/v2\/users\/2"}],"replies":[{"embeddable":true,"href":"https:\/\/andrologiamilitello.it\/wp\/wp-json\/wp\/v2\/comments?post=71"}],"version-history":[{"count":5,"href":"https:\/\/andrologiamilitello.it\/wp\/wp-json\/wp\/v2\/pages\/71\/revisions"}],"predecessor-version":[{"id":1369,"href":"https:\/\/andrologiamilitello.it\/wp\/wp-json\/wp\/v2\/pages\/71\/revisions\/1369"}],"wp:attachment":[{"href":"https:\/\/andrologiamilitello.it\/wp\/wp-json\/wp\/v2\/media?parent=71"}],"curies":[{"name":"wp","href":"https:\/\/api.w.org\/{rel}","templated":true}]}}